{"id":17,"date":"2025-08-20T11:09:08","date_gmt":"2025-08-20T11:09:08","guid":{"rendered":"https:\/\/bimcluster.net\/?page_id=17"},"modified":"2025-08-21T13:35:31","modified_gmt":"2025-08-21T13:35:31","slug":"datenschutz","status":"publish","type":"page","link":"https:\/\/bimcluster.net\/?page_id=17","title":{"rendered":"Datenschutz"},"content":{"rendered":"\n<div style=\"height:100px\" aria-hidden=\"true\" class=\"wp-block-spacer\"><\/div>\n\n\n\n<p class=\"has-x-large-font-size\"><strong><mark style=\"background-color:rgba(0, 0, 0, 0)\" class=\"has-inline-color has-neve-link-color-color\">Datenschutzerkl\u00e4rung<\/mark><\/strong><\/p>\n\n\n\n<p><strong>1. Verantwortlicher<\/strong><br>BIM-Cluster Deutschland<br>E-Mail:&nbsp;<a>info@bim-cluster.net<\/a><br>(weitere Angaben wie Anschrift bitte hier erg\u00e4nzen)<\/p>\n\n\n\n<p><strong>2. Hosting<\/strong><br>Unsere Website wird bei einem externen Dienstleister gehostet (XXX). Die personenbezogenen Daten, die auf dieser Website erfasst werden, werden auf den Servern des Hosters gespeichert. Hierbei kann es sich vor allem um IP-Adressen, Kontaktanfragen, Meta- und Kommunikationsdaten, Vertragsdaten, Kontaktdaten, Namen, Webseitenzugriffe und sonstige Daten handeln, die \u00fcber eine Website generiert werden.<\/p>\n\n\n\n<p>Der Einsatz des Hosters erfolgt zum Zwecke einer sicheren, schnellen und effizienten Bereitstellung unseres Online-Angebots (Art. 6 Abs. 1 lit. f DSGVO).<br>Mit dem Anbieter wurde ein Vertrag \u00fcber Auftragsverarbeitung (AVV) geschlossen.<\/p>\n\n\n\n<p><strong>3. Erhebung und Verarbeitung personenbezogener Daten<\/strong><br>Die Nutzung unserer Website ist in der Regel ohne Angabe personenbezogener Daten m\u00f6glich. Soweit auf unseren Seiten personenbezogene Daten erhoben werden (z. B. im Kontaktformular), erfolgt dies stets auf freiwilliger Basis. Diese Daten werden ohne Ihre ausdr\u00fcckliche Zustimmung nicht an Dritte weitergegeben.<\/p>\n\n\n\n<p><strong>4. Kontaktformular (WPForms)<\/strong><br>Wenn Sie uns \u00fcber das Kontaktformular Anfragen zukommen lassen, werden Ihre Angaben aus dem Formular inklusive der von Ihnen dort angegebenen Kontaktdaten (Name, E-Mail, Nachricht, ggf. Telefonnummer) zwecks Bearbeitung der Anfrage und f\u00fcr den Fall von Anschlussfragen bei uns gespeichert.<br>Rechtsgrundlage f\u00fcr die Verarbeitung ist Art. 6 Abs. 1 lit. b DSGVO (vorvertragliche Ma\u00dfnahmen) bzw. Art. 6 Abs. 1 lit. f DSGVO (berechtigtes Interesse an der Bearbeitung Ihrer Anfrage).<br>Eine Weitergabe dieser Daten erfolgt nicht ohne Ihre Einwilligung.<\/p>\n\n\n\n<p><strong>5. Externe Links (MetaSlider)<\/strong><br>Unsere Startseite enth\u00e4lt eine Galerie mit Verlinkungen zu externen Websites der regionalen BIM-Cluster. Beim Anklicken eines Links verlassen Sie unsere Website. Wir haben keinen Einfluss auf die Datenverarbeitung dieser externen Seiten. F\u00fcr Inhalte und Datenschutzbestimmungen sind ausschlie\u00dflich die jeweiligen Betreiber verantwortlich.<\/p>\n\n\n\n<p><strong>6. Cookies<\/strong><br>Unsere Website verwendet Cookies, die f\u00fcr den technischen Betrieb notwendig sind (z. B. Session-Cookies). Diese werden nach Ende Ihres Besuchs automatisch gel\u00f6scht. Eine weitergehende Nutzung von Cookies zu Analyse- oder Marketingzwecken findet nicht statt.<\/p>\n\n\n\n<p><strong>7. Server-Log-Dateien<\/strong><br>Der Provider der Seiten erhebt und speichert automatisch Informationen in sogenannten Server-Log-Dateien, die Ihr Browser automatisch an uns \u00fcbermittelt. Dies sind:<\/p>\n\n\n\n<ul class=\"wp-block-list\">\n<li>Browsertyp und Browserversion<\/li>\n\n\n\n<li>verwendetes Betriebssystem<\/li>\n\n\n\n<li>Referrer URL<\/li>\n\n\n\n<li>Hostname des zugreifenden Rechners<\/li>\n\n\n\n<li>Uhrzeit der Serveranfrage<\/li>\n\n\n\n<li>IP-Adresse<\/li>\n<\/ul>\n\n\n\n<p>Eine Zusammenf\u00fchrung dieser Daten mit anderen Datenquellen wird nicht vorgenommen.<\/p>\n\n\n\n<p><strong>8. Ihre Rechte<\/strong><br>Sie haben jederzeit das Recht auf unentgeltliche Auskunft \u00fcber Ihre gespeicherten personenbezogenen Daten sowie auf Berichtigung, Sperrung oder L\u00f6schung dieser Daten. Hierzu sowie zu weiteren Fragen k\u00f6nnen Sie sich jederzeit an uns wenden:&nbsp;<a>info@bim-cluster.net<\/a>.<\/p>\n\n\n\n<p><strong>9. SSL- bzw. TLS-Verschl\u00fcsselung<\/strong><br>Diese Seite nutzt aus Sicherheitsgr\u00fcnden und zum Schutz der \u00dcbertragung vertraulicher Inhalte, wie zum Beispiel Anfragen, die Sie an uns senden, eine SSL- bzw. TLS-Verschl\u00fcsselung. Eine verschl\u00fcsselte Verbindung erkennen Sie daran, dass die Adresszeile des Browsers von \u201ehttp:\/\/\u201c auf \u201ehttps:\/\/\u201c wechselt und an dem Schloss-Symbol in Ihrer Browserzeile.<\/p>\n\n\n\n<hr class=\"wp-block-separator has-alpha-channel-opacity\"\/>\n\n\n\n<div style=\"height:100px\" aria-hidden=\"true\" class=\"wp-block-spacer\"><\/div>\n","protected":false},"excerpt":{"rendered":"<p>Datenschutzerkl\u00e4rung 1. VerantwortlicherBIM-Cluster DeutschlandE-Mail:&nbsp;info@bim-cluster.net(weitere Angaben wie Anschrift bitte hier erg\u00e4nzen) 2. HostingUnsere Website wird bei einem externen Dienstleister gehostet (XXX). Die personenbezogenen Daten, die auf dieser Website erfasst werden, werden&hellip;&nbsp;<a href=\"https:\/\/bimcluster.net\/?page_id=17\" rel=\"bookmark\"><span class=\"screen-reader-text\">Datenschutz<\/span><\/a><\/p>\n","protected":false},"author":1,"featured_media":0,"parent":0,"menu_order":0,"comment_status":"closed","ping_status":"closed","template":"","meta":{"neve_meta_sidebar":"","neve_meta_container":"","neve_meta_enable_content_width":"on","neve_meta_content_width":100,"neve_meta_title_alignment":"","neve_meta_author_avatar":"","neve_post_elements_order":"","neve_meta_disable_header":"","neve_meta_disable_footer":"","neve_meta_disable_title":"on","footnotes":""},"class_list":["post-17","page","type-page","status-publish","hentry"],"_links":{"self":[{"href":"https:\/\/bimcluster.net\/index.php?rest_route=\/wp\/v2\/pages\/17","targetHints":{"allow":["GET"]}}],"collection":[{"href":"https:\/\/bimcluster.net\/index.php?rest_route=\/wp\/v2\/pages"}],"about":[{"href":"https:\/\/bimcluster.net\/index.php?rest_route=\/wp\/v2\/types\/page"}],"author":[{"embeddable":true,"href":"https:\/\/bimcluster.net\/index.php?rest_route=\/wp\/v2\/users\/1"}],"replies":[{"embeddable":true,"href":"https:\/\/bimcluster.net\/index.php?rest_route=%2Fwp%2Fv2%2Fcomments&post=17"}],"version-history":[{"count":5,"href":"https:\/\/bimcluster.net\/index.php?rest_route=\/wp\/v2\/pages\/17\/revisions"}],"predecessor-version":[{"id":117,"href":"https:\/\/bimcluster.net\/index.php?rest_route=\/wp\/v2\/pages\/17\/revisions\/117"}],"wp:attachment":[{"href":"https:\/\/bimcluster.net\/index.php?rest_route=%2Fwp%2Fv2%2Fmedia&parent=17"}],"curies":[{"name":"wp","href":"https:\/\/api.w.org\/{rel}","templated":true}]}}