{"id":16,"date":"2025-08-20T11:09:08","date_gmt":"2025-08-20T11:09:08","guid":{"rendered":"https:\/\/bimcluster.net\/?page_id=16"},"modified":"2025-12-19T12:17:32","modified_gmt":"2025-12-19T12:17:32","slug":"impressum","status":"publish","type":"page","link":"https:\/\/bimcluster.net\/?page_id=16","title":{"rendered":"Impressum"},"content":{"rendered":"\n<div style=\"height:100px\" aria-hidden=\"true\" class=\"wp-block-spacer\"><\/div>\n\n\n\n<p class=\"has-x-large-font-size\"><strong><mark style=\"background-color:rgba(0, 0, 0, 0)\" class=\"has-inline-color has-neve-link-color-color\">Impressum<\/mark><\/strong><\/p>\n\n\n\n<p><strong>Angaben gem\u00e4\u00df \u00a7 5 TMG<\/strong><\/p>\n\n\n\n<p>BIM Cluster Deutschland<br>Vertreten durch: XXX (Name des Vertretungsberechtigten, z. B. Vorstand, Gesch\u00e4ftsf\u00fchrer)<br>Anschrift: XXX (Stra\u00dfe, Hausnummer, PLZ, Ort)<\/p>\n\n\n\n<p><strong>Kontakt<\/strong><br>E-Mail:\u00a0<a>info@bim-cluster.net<\/a><\/p>\n\n\n\n<p><strong>Verantwortlich f\u00fcr den Inhalt nach \u00a7 55 Abs. 2 RStV<\/strong><br>XXX (Name, Anschrift wie oben)<\/p>\n","protected":false},"excerpt":{"rendered":"<p>Impressum Angaben gem\u00e4\u00df \u00a7 5 TMG BIM Cluster DeutschlandVertreten durch: XXX (Name des Vertretungsberechtigten, z. B. Vorstand, Gesch\u00e4ftsf\u00fchrer)Anschrift: XXX (Stra\u00dfe, Hausnummer, PLZ, Ort) KontaktE-Mail:\u00a0info@bim-cluster.net Verantwortlich f\u00fcr den Inhalt nach \u00a7&hellip;&nbsp;<a href=\"https:\/\/bimcluster.net\/?page_id=16\" rel=\"bookmark\"><span class=\"screen-reader-text\">Impressum<\/span><\/a><\/p>\n","protected":false},"author":1,"featured_media":0,"parent":0,"menu_order":0,"comment_status":"closed","ping_status":"closed","template":"","meta":{"neve_meta_sidebar":"","neve_meta_container":"","neve_meta_enable_content_width":"on","neve_meta_content_width":100,"neve_meta_title_alignment":"","neve_meta_author_avatar":"","neve_post_elements_order":"","neve_meta_disable_header":"","neve_meta_disable_footer":"","neve_meta_disable_title":"on","footnotes":""},"class_list":["post-16","page","type-page","status-publish","hentry"],"_links":{"self":[{"href":"https:\/\/bimcluster.net\/index.php?rest_route=\/wp\/v2\/pages\/16","targetHints":{"allow":["GET"]}}],"collection":[{"href":"https:\/\/bimcluster.net\/index.php?rest_route=\/wp\/v2\/pages"}],"about":[{"href":"https:\/\/bimcluster.net\/index.php?rest_route=\/wp\/v2\/types\/page"}],"author":[{"embeddable":true,"href":"https:\/\/bimcluster.net\/index.php?rest_route=\/wp\/v2\/users\/1"}],"replies":[{"embeddable":true,"href":"https:\/\/bimcluster.net\/index.php?rest_route=%2Fwp%2Fv2%2Fcomments&post=16"}],"version-history":[{"count":9,"href":"https:\/\/bimcluster.net\/index.php?rest_route=\/wp\/v2\/pages\/16\/revisions"}],"predecessor-version":[{"id":345,"href":"https:\/\/bimcluster.net\/index.php?rest_route=\/wp\/v2\/pages\/16\/revisions\/345"}],"wp:attachment":[{"href":"https:\/\/bimcluster.net\/index.php?rest_route=%2Fwp%2Fv2%2Fmedia&parent=16"}],"curies":[{"name":"wp","href":"https:\/\/api.w.org\/{rel}","templated":true}]}}