{"id":10,"date":"2025-08-20T11:09:08","date_gmt":"2025-08-20T11:09:08","guid":{"rendered":"https:\/\/bimcluster.net\/?page_id=10"},"modified":"2025-12-18T01:02:34","modified_gmt":"2025-12-18T01:02:34","slug":"portofolio","status":"publish","type":"page","link":"https:\/\/bimcluster.net\/?page_id=10","title":{"rendered":"BIM-Cluster"},"content":{"rendered":"\n<div class=\"wp-block-cover alignfull\" style=\"min-height:300px;aspect-ratio:unset;\"><span aria-hidden=\"true\" class=\"wp-block-cover__background has-nv-site-bg-background-color has-background-dim-100 has-background-dim\"><\/span><div class=\"wp-block-cover__inner-container is-layout-flow wp-block-cover-is-layout-flow\">\n<div class=\"wp-block-group\" style=\"padding-right:var(--wp--preset--spacing--30);padding-left:var(--wp--preset--spacing--30)\"><div class=\"wp-block-group__inner-container is-layout-flow wp-block-group-is-layout-flow\">\n<h1 class=\"wp-block-heading has-text-align-left has-neve-text-color-color has-text-color\"><mark style=\"background-color:rgba(0, 0, 0, 0)\" class=\"has-inline-color has-neve-link-color-color\">Ihre BIM-Cluster auf einen Blick<\/mark> <\/h1>\n<\/div><\/div>\n<\/div><\/div>\n\n\n\n<p class=\"has-nv-dark-bg-color has-text-color has-link-color has-medium-font-size wp-elements-78512d0eec3e2c99ae1c205ae83bb6ca\">BIM-Cluster sind <strong>regionale Zusammenschl\u00fcsse<\/strong>, die Wissen teilen und praktische Unterst\u00fctzung rund um <strong>Building Information Modeling<\/strong> bieten. Sie f\u00f6rdern die Zusammenarbeit zwischen Unternehmen, Institutionen und \u00f6ffentlichen Stellen.<\/p>\n\n\n\n<div class=\"wp-block-cover alignfull\" style=\"min-height:600px;aspect-ratio:unset;\"><span aria-hidden=\"true\" class=\"wp-block-cover__background has-nv-light-bg-background-color has-background-dim-100 has-background-dim\"><\/span><div class=\"wp-block-cover__inner-container is-layout-flow wp-block-cover-is-layout-flow\">\n<div class=\"wp-block-group\"><div class=\"wp-block-group__inner-container is-layout-flow wp-block-group-is-layout-flow\">\n<div style=\"height:80px\" aria-hidden=\"true\" class=\"wp-block-spacer\"><\/div>\n\n\n\n<div class=\"wp-block-columns are-vertically-aligned-center is-layout-flex wp-container-core-columns-is-layout-9d6595d7 wp-block-columns-is-layout-flex\">\n<div class=\"wp-block-column is-vertically-aligned-center is-layout-flow wp-block-column-is-layout-flow\" style=\"padding-right:var(--wp--preset--spacing--30);padding-left:var(--wp--preset--spacing--30);flex-basis:50%\">\n<figure class=\"wp-block-image size-full is-resized has-custom-border is-style-default wp-duotone-unset-1\"><a href=\"https:\/\/www.bimcluster.de\/\" target=\"_blank\" rel=\" noreferrer noopener\"><img loading=\"lazy\" decoding=\"async\" width=\"1080\" height=\"1080\" src=\"https:\/\/bimcluster.net\/wp-content\/uploads\/2025\/08\/BIM-Cluster-BW.png\" alt=\"\" class=\"wp-image-50\" style=\"border-radius:24px;width:272px;height:auto\" srcset=\"https:\/\/bimcluster.net\/wp-content\/uploads\/2025\/08\/BIM-Cluster-BW.png 1080w, https:\/\/bimcluster.net\/wp-content\/uploads\/2025\/08\/BIM-Cluster-BW-300x300.png 300w, https:\/\/bimcluster.net\/wp-content\/uploads\/2025\/08\/BIM-Cluster-BW-1024x1024.png 1024w, https:\/\/bimcluster.net\/wp-content\/uploads\/2025\/08\/BIM-Cluster-BW-150x150.png 150w, https:\/\/bimcluster.net\/wp-content\/uploads\/2025\/08\/BIM-Cluster-BW-768x768.png 768w, https:\/\/bimcluster.net\/wp-content\/uploads\/2025\/08\/BIM-Cluster-BW-400x400.png 400w\" sizes=\"auto, (max-width: 1080px) 100vw, 1080px\" \/><\/a><\/figure>\n\n\n\n<div style=\"height:24px\" aria-hidden=\"true\" class=\"wp-block-spacer\"><\/div>\n\n\n\n<div style=\"height:0px\" aria-hidden=\"true\" class=\"wp-block-spacer\"><\/div>\n<\/div>\n\n\n\n<div class=\"wp-block-column is-vertically-aligned-center is-layout-flow wp-block-column-is-layout-flow\" style=\"padding-right:var(--wp--preset--spacing--30);padding-left:var(--wp--preset--spacing--30);flex-basis:50%\">\n<figure class=\"wp-block-image size-full is-resized has-custom-border wp-duotone-unset-2\"><a href=\"http:\/\/www.bim-cluster-bayern.de\/\" target=\"_blank\" rel=\" noreferrer noopener\"><img loading=\"lazy\" decoding=\"async\" width=\"1080\" height=\"1080\" src=\"https:\/\/bimcluster.net\/wp-content\/uploads\/2025\/08\/BIM-Cluster-Bayern.png\" alt=\"\" class=\"wp-image-49\" style=\"border-radius:24px;width:272px\" srcset=\"https:\/\/bimcluster.net\/wp-content\/uploads\/2025\/08\/BIM-Cluster-Bayern.png 1080w, https:\/\/bimcluster.net\/wp-content\/uploads\/2025\/08\/BIM-Cluster-Bayern-300x300.png 300w, https:\/\/bimcluster.net\/wp-content\/uploads\/2025\/08\/BIM-Cluster-Bayern-1024x1024.png 1024w, https:\/\/bimcluster.net\/wp-content\/uploads\/2025\/08\/BIM-Cluster-Bayern-150x150.png 150w, https:\/\/bimcluster.net\/wp-content\/uploads\/2025\/08\/BIM-Cluster-Bayern-768x768.png 768w, https:\/\/bimcluster.net\/wp-content\/uploads\/2025\/08\/BIM-Cluster-Bayern-400x400.png 400w\" sizes=\"auto, (max-width: 1080px) 100vw, 1080px\" \/><\/a><\/figure>\n\n\n\n<div style=\"height:24px\" aria-hidden=\"true\" class=\"wp-block-spacer\"><\/div>\n\n\n\n<div style=\"height:0px\" aria-hidden=\"true\" class=\"wp-block-spacer\"><\/div>\n<\/div>\n\n\n\n<div class=\"wp-block-column is-vertically-aligned-center is-layout-flow wp-block-column-is-layout-flow\" style=\"padding-right:var(--wp--preset--spacing--30);padding-left:var(--wp--preset--spacing--30);flex-basis:50%\">\n<figure class=\"wp-block-image size-full is-resized has-custom-border\"><a href=\"https:\/\/www.bimcluster-bb.de\/\" target=\"_blank\" rel=\" noreferrer noopener\"><img loading=\"lazy\" decoding=\"async\" width=\"1080\" height=\"1080\" src=\"https:\/\/bimcluster.net\/wp-content\/uploads\/2025\/08\/7.png\" alt=\"\" class=\"wp-image-47\" style=\"border-radius:24px;width:272px\" srcset=\"https:\/\/bimcluster.net\/wp-content\/uploads\/2025\/08\/7.png 1080w, https:\/\/bimcluster.net\/wp-content\/uploads\/2025\/08\/7-300x300.png 300w, https:\/\/bimcluster.net\/wp-content\/uploads\/2025\/08\/7-1024x1024.png 1024w, https:\/\/bimcluster.net\/wp-content\/uploads\/2025\/08\/7-150x150.png 150w, https:\/\/bimcluster.net\/wp-content\/uploads\/2025\/08\/7-768x768.png 768w, https:\/\/bimcluster.net\/wp-content\/uploads\/2025\/08\/7-400x400.png 400w\" sizes=\"auto, (max-width: 1080px) 100vw, 1080px\" \/><\/a><\/figure>\n\n\n\n<div style=\"height:24px\" aria-hidden=\"true\" class=\"wp-block-spacer\"><\/div>\n\n\n\n<div style=\"height:0px\" aria-hidden=\"true\" class=\"wp-block-spacer\"><\/div>\n<\/div>\n<\/div>\n\n\n\n<div class=\"wp-block-columns are-vertically-aligned-center is-layout-flex wp-container-core-columns-is-layout-9d6595d7 wp-block-columns-is-layout-flex\">\n<div class=\"wp-block-column is-vertically-aligned-center is-layout-flow wp-block-column-is-layout-flow\" style=\"padding-right:var(--wp--preset--spacing--30);padding-left:var(--wp--preset--spacing--30);flex-basis:50%\">\n<figure class=\"wp-block-image size-full is-resized has-custom-border is-style-default wp-duotone-unset-3\"><a href=\"https:\/\/bim-cluster-hessen.com\/\" target=\"_blank\" rel=\" noreferrer noopener\"><img loading=\"lazy\" decoding=\"async\" width=\"1080\" height=\"1080\" src=\"https:\/\/bimcluster.net\/wp-content\/uploads\/2025\/08\/BIM-Cluster-Hessen.png\" alt=\"\" class=\"wp-image-51\" style=\"border-radius:24px;width:272px;height:auto\" srcset=\"https:\/\/bimcluster.net\/wp-content\/uploads\/2025\/08\/BIM-Cluster-Hessen.png 1080w, https:\/\/bimcluster.net\/wp-content\/uploads\/2025\/08\/BIM-Cluster-Hessen-300x300.png 300w, https:\/\/bimcluster.net\/wp-content\/uploads\/2025\/08\/BIM-Cluster-Hessen-1024x1024.png 1024w, https:\/\/bimcluster.net\/wp-content\/uploads\/2025\/08\/BIM-Cluster-Hessen-150x150.png 150w, https:\/\/bimcluster.net\/wp-content\/uploads\/2025\/08\/BIM-Cluster-Hessen-768x768.png 768w, https:\/\/bimcluster.net\/wp-content\/uploads\/2025\/08\/BIM-Cluster-Hessen-400x400.png 400w\" sizes=\"auto, (max-width: 1080px) 100vw, 1080px\" \/><\/a><\/figure>\n\n\n\n<div style=\"height:24px\" aria-hidden=\"true\" class=\"wp-block-spacer\"><\/div>\n\n\n\n<div style=\"height:40px\" aria-hidden=\"true\" class=\"wp-block-spacer\"><\/div>\n<\/div>\n\n\n\n<div class=\"wp-block-column is-vertically-aligned-center is-layout-flow wp-block-column-is-layout-flow\" style=\"padding-right:var(--wp--preset--spacing--30);padding-left:var(--wp--preset--spacing--30);flex-basis:50%\">\n<figure class=\"wp-block-image size-full is-resized has-custom-border wp-duotone-unset-4\"><a href=\"https:\/\/bimhub.hamburg\/\" target=\"_blank\" rel=\" noreferrer noopener\"><img loading=\"lazy\" decoding=\"async\" width=\"1080\" height=\"1080\" src=\"https:\/\/bimcluster.net\/wp-content\/uploads\/2025\/08\/BIM-HUB-Hamburg.png\" alt=\"\" class=\"wp-image-54\" style=\"border-radius:24px;width:272px\" srcset=\"https:\/\/bimcluster.net\/wp-content\/uploads\/2025\/08\/BIM-HUB-Hamburg.png 1080w, https:\/\/bimcluster.net\/wp-content\/uploads\/2025\/08\/BIM-HUB-Hamburg-300x300.png 300w, https:\/\/bimcluster.net\/wp-content\/uploads\/2025\/08\/BIM-HUB-Hamburg-1024x1024.png 1024w, https:\/\/bimcluster.net\/wp-content\/uploads\/2025\/08\/BIM-HUB-Hamburg-150x150.png 150w, https:\/\/bimcluster.net\/wp-content\/uploads\/2025\/08\/BIM-HUB-Hamburg-768x768.png 768w, https:\/\/bimcluster.net\/wp-content\/uploads\/2025\/08\/BIM-HUB-Hamburg-400x400.png 400w\" sizes=\"auto, (max-width: 1080px) 100vw, 1080px\" \/><\/a><\/figure>\n\n\n\n<div style=\"height:24px\" aria-hidden=\"true\" class=\"wp-block-spacer\"><\/div>\n\n\n\n<div style=\"height:40px\" aria-hidden=\"true\" class=\"wp-block-spacer\"><\/div>\n<\/div>\n\n\n\n<div class=\"wp-block-column is-vertically-aligned-center is-layout-flow wp-block-column-is-layout-flow\" style=\"padding-right:var(--wp--preset--spacing--30);padding-left:var(--wp--preset--spacing--30);flex-basis:50%\">\n<figure class=\"wp-block-image size-full is-resized has-custom-border\"><a href=\"https:\/\/www.bim-cluster-nds.de\/\" target=\"_blank\" rel=\" noreferrer noopener\"><img loading=\"lazy\" decoding=\"async\" width=\"1080\" height=\"1080\" src=\"https:\/\/bimcluster.net\/wp-content\/uploads\/2025\/08\/8.png\" alt=\"\" class=\"wp-image-48\" style=\"border-radius:24px;width:272px\" srcset=\"https:\/\/bimcluster.net\/wp-content\/uploads\/2025\/08\/8.png 1080w, https:\/\/bimcluster.net\/wp-content\/uploads\/2025\/08\/8-300x300.png 300w, https:\/\/bimcluster.net\/wp-content\/uploads\/2025\/08\/8-1024x1024.png 1024w, https:\/\/bimcluster.net\/wp-content\/uploads\/2025\/08\/8-150x150.png 150w, https:\/\/bimcluster.net\/wp-content\/uploads\/2025\/08\/8-768x768.png 768w, https:\/\/bimcluster.net\/wp-content\/uploads\/2025\/08\/8-400x400.png 400w\" sizes=\"auto, (max-width: 1080px) 100vw, 1080px\" \/><\/a><\/figure>\n\n\n\n<div style=\"height:24px\" aria-hidden=\"true\" class=\"wp-block-spacer\"><\/div>\n\n\n\n<div style=\"height:40px\" aria-hidden=\"true\" class=\"wp-block-spacer\"><\/div>\n<\/div>\n<\/div>\n\n\n\n<div class=\"wp-block-columns are-vertically-aligned-center is-layout-flex wp-container-core-columns-is-layout-9d6595d7 wp-block-columns-is-layout-flex\">\n<div class=\"wp-block-column is-vertically-aligned-center is-layout-flow wp-block-column-is-layout-flow\" style=\"padding-right:var(--wp--preset--spacing--30);padding-left:var(--wp--preset--spacing--30);flex-basis:50%\">\n<figure class=\"wp-block-image size-full is-resized has-custom-border is-style-default wp-duotone-unset-5\"><a href=\"https:\/\/bim-cluster-nrw.de\/\" target=\"_blank\" rel=\" noreferrer noopener\"><img loading=\"lazy\" decoding=\"async\" width=\"1080\" height=\"1080\" src=\"https:\/\/bimcluster.net\/wp-content\/uploads\/2025\/08\/BIM-Cluster-NRW.png\" alt=\"\" class=\"wp-image-52\" style=\"border-radius:24px;width:272px;height:auto\" srcset=\"https:\/\/bimcluster.net\/wp-content\/uploads\/2025\/08\/BIM-Cluster-NRW.png 1080w, https:\/\/bimcluster.net\/wp-content\/uploads\/2025\/08\/BIM-Cluster-NRW-300x300.png 300w, https:\/\/bimcluster.net\/wp-content\/uploads\/2025\/08\/BIM-Cluster-NRW-1024x1024.png 1024w, https:\/\/bimcluster.net\/wp-content\/uploads\/2025\/08\/BIM-Cluster-NRW-150x150.png 150w, https:\/\/bimcluster.net\/wp-content\/uploads\/2025\/08\/BIM-Cluster-NRW-768x768.png 768w, https:\/\/bimcluster.net\/wp-content\/uploads\/2025\/08\/BIM-Cluster-NRW-400x400.png 400w\" sizes=\"auto, (max-width: 1080px) 100vw, 1080px\" \/><\/a><\/figure>\n\n\n\n<div style=\"height:24px\" aria-hidden=\"true\" class=\"wp-block-spacer\"><\/div>\n\n\n\n<div style=\"height:40px\" aria-hidden=\"true\" class=\"wp-block-spacer\"><\/div>\n<\/div>\n\n\n\n<div class=\"wp-block-column is-vertically-aligned-center is-layout-flow wp-block-column-is-layout-flow\" style=\"padding-right:var(--wp--preset--spacing--30);padding-left:var(--wp--preset--spacing--30);flex-basis:50%\">\n<figure class=\"wp-block-image size-full is-resized has-custom-border wp-duotone-unset-6\"><a href=\"https:\/\/bim-cluster-rlp.de\/\" target=\"_blank\" rel=\" noreferrer noopener\"><img loading=\"lazy\" decoding=\"async\" width=\"1080\" height=\"1080\" src=\"https:\/\/bimcluster.net\/wp-content\/uploads\/2025\/08\/6.png\" alt=\"\" class=\"wp-image-46\" style=\"border-radius:24px;width:272px\" srcset=\"https:\/\/bimcluster.net\/wp-content\/uploads\/2025\/08\/6.png 1080w, https:\/\/bimcluster.net\/wp-content\/uploads\/2025\/08\/6-300x300.png 300w, https:\/\/bimcluster.net\/wp-content\/uploads\/2025\/08\/6-1024x1024.png 1024w, https:\/\/bimcluster.net\/wp-content\/uploads\/2025\/08\/6-150x150.png 150w, https:\/\/bimcluster.net\/wp-content\/uploads\/2025\/08\/6-768x768.png 768w, https:\/\/bimcluster.net\/wp-content\/uploads\/2025\/08\/6-400x400.png 400w\" sizes=\"auto, (max-width: 1080px) 100vw, 1080px\" \/><\/a><\/figure>\n\n\n\n<div style=\"height:24px\" aria-hidden=\"true\" class=\"wp-block-spacer\"><\/div>\n\n\n\n<div style=\"height:40px\" aria-hidden=\"true\" class=\"wp-block-spacer\"><\/div>\n<\/div>\n\n\n\n<div class=\"wp-block-column is-vertically-aligned-center is-layout-flow wp-block-column-is-layout-flow\" style=\"padding-right:var(--wp--preset--spacing--30);padding-left:var(--wp--preset--spacing--30);flex-basis:50%\">\n<figure class=\"wp-block-image size-full is-resized has-custom-border\"><img loading=\"lazy\" decoding=\"async\" width=\"1620\" height=\"1620\" src=\"https:\/\/bimcluster.net\/wp-content\/uploads\/2025\/09\/BIM-Cluster_Sachsen_Anhalt.png\" alt=\"\" class=\"wp-image-245\" style=\"border-radius:24px;width:272px\" srcset=\"https:\/\/bimcluster.net\/wp-content\/uploads\/2025\/09\/BIM-Cluster_Sachsen_Anhalt.png 1620w, https:\/\/bimcluster.net\/wp-content\/uploads\/2025\/09\/BIM-Cluster_Sachsen_Anhalt-300x300.png 300w, https:\/\/bimcluster.net\/wp-content\/uploads\/2025\/09\/BIM-Cluster_Sachsen_Anhalt-1024x1024.png 1024w, https:\/\/bimcluster.net\/wp-content\/uploads\/2025\/09\/BIM-Cluster_Sachsen_Anhalt-150x150.png 150w, https:\/\/bimcluster.net\/wp-content\/uploads\/2025\/09\/BIM-Cluster_Sachsen_Anhalt-768x768.png 768w, https:\/\/bimcluster.net\/wp-content\/uploads\/2025\/09\/BIM-Cluster_Sachsen_Anhalt-1536x1536.png 1536w\" sizes=\"auto, (max-width: 1620px) 100vw, 1620px\" \/><\/figure>\n\n\n\n<div style=\"height:24px\" aria-hidden=\"true\" class=\"wp-block-spacer\"><\/div>\n\n\n\n<div style=\"height:40px\" aria-hidden=\"true\" class=\"wp-block-spacer\"><\/div>\n<\/div>\n<\/div>\n\n\n\n<div class=\"wp-block-columns are-vertically-aligned-center is-layout-flex wp-container-core-columns-is-layout-9d6595d7 wp-block-columns-is-layout-flex\">\n<div class=\"wp-block-column is-vertically-aligned-center is-layout-flow wp-block-column-is-layout-flow\" style=\"padding-right:var(--wp--preset--spacing--30);padding-left:var(--wp--preset--spacing--30);flex-basis:50%\">\n<figure class=\"wp-block-image size-full is-resized has-custom-border is-style-default wp-duotone-unset-7\"><a href=\"https:\/\/www.ingenieurkammer-mv.de\/bim-cluster-m-v\/\"><img loading=\"lazy\" decoding=\"async\" width=\"2560\" height=\"2560\" src=\"https:\/\/bimcluster.net\/wp-content\/uploads\/2025\/11\/11-scaled.png\" alt=\"\" class=\"wp-image-315\" style=\"border-radius:24px;width:272px;height:auto\" srcset=\"https:\/\/bimcluster.net\/wp-content\/uploads\/2025\/11\/11-scaled.png 2560w, https:\/\/bimcluster.net\/wp-content\/uploads\/2025\/11\/11-scaled-300x300.png 300w, https:\/\/bimcluster.net\/wp-content\/uploads\/2025\/11\/11-1024x1024.png 1024w, https:\/\/bimcluster.net\/wp-content\/uploads\/2025\/11\/11-150x150.png 150w, https:\/\/bimcluster.net\/wp-content\/uploads\/2025\/11\/11-768x768.png 768w, https:\/\/bimcluster.net\/wp-content\/uploads\/2025\/11\/11-1536x1536.png 1536w, https:\/\/bimcluster.net\/wp-content\/uploads\/2025\/11\/11-2048x2048.png 2048w\" sizes=\"auto, (max-width: 2560px) 100vw, 2560px\" \/><\/a><\/figure>\n\n\n\n<div style=\"height:24px\" aria-hidden=\"true\" class=\"wp-block-spacer\"><\/div>\n\n\n\n<div style=\"height:40px\" aria-hidden=\"true\" class=\"wp-block-spacer\"><\/div>\n<\/div>\n\n\n\n<div class=\"wp-block-column is-vertically-aligned-center is-layout-flow wp-block-column-is-layout-flow\" style=\"padding-right:var(--wp--preset--spacing--30);padding-left:var(--wp--preset--spacing--30);flex-basis:50%\">\n<figure class=\"wp-block-image size-full is-resized has-custom-border wp-duotone-unset-8\"><a href=\"https:\/\/www.innovation-ausbau.de\" target=\"_blank\" rel=\" noreferrer noopener\"><img loading=\"lazy\" decoding=\"async\" width=\"2560\" height=\"2560\" src=\"https:\/\/bimcluster.net\/wp-content\/uploads\/2025\/11\/BIM-scaled.png\" alt=\"\" class=\"wp-image-313\" style=\"border-radius:24px;width:272px\" srcset=\"https:\/\/bimcluster.net\/wp-content\/uploads\/2025\/11\/BIM-scaled.png 2560w, https:\/\/bimcluster.net\/wp-content\/uploads\/2025\/11\/BIM-scaled-300x300.png 300w, https:\/\/bimcluster.net\/wp-content\/uploads\/2025\/11\/BIM-1024x1024.png 1024w, https:\/\/bimcluster.net\/wp-content\/uploads\/2025\/11\/BIM-150x150.png 150w, https:\/\/bimcluster.net\/wp-content\/uploads\/2025\/11\/BIM-768x768.png 768w, https:\/\/bimcluster.net\/wp-content\/uploads\/2025\/11\/BIM-1536x1536.png 1536w, https:\/\/bimcluster.net\/wp-content\/uploads\/2025\/11\/BIM-2048x2048.png 2048w\" sizes=\"auto, (max-width: 2560px) 100vw, 2560px\" \/><\/a><\/figure>\n\n\n\n<div style=\"height:24px\" aria-hidden=\"true\" class=\"wp-block-spacer\"><\/div>\n\n\n\n<div style=\"height:40px\" aria-hidden=\"true\" class=\"wp-block-spacer\"><\/div>\n<\/div>\n\n\n\n<div class=\"wp-block-column is-vertically-aligned-center is-layout-flow wp-block-column-is-layout-flow\" style=\"padding-right:var(--wp--preset--spacing--30);padding-left:var(--wp--preset--spacing--30);flex-basis:50%\">\n<div style=\"height:24px\" aria-hidden=\"true\" class=\"wp-block-spacer\"><\/div>\n\n\n\n<div style=\"height:40px\" aria-hidden=\"true\" class=\"wp-block-spacer\"><\/div>\n<\/div>\n<\/div>\n\n\n\n<div style=\"height:40px\" aria-hidden=\"true\" class=\"wp-block-spacer\"><\/div>\n<\/div><\/div>\n<\/div><\/div>\n\n\n\n<div class=\"wp-block-cover alignfull\" style=\"min-height:300px;aspect-ratio:unset;\"><span aria-hidden=\"true\" class=\"wp-block-cover__background has-neve-link-color-background-color has-background-dim-100 has-background-dim\"><\/span><div class=\"wp-block-cover__inner-container is-layout-flow wp-block-cover-is-layout-flow\">\n<div style=\"height:98px\" aria-hidden=\"true\" class=\"wp-block-spacer\"><\/div>\n\n\n\n<div class=\"wp-block-columns is-layout-flex wp-container-core-columns-is-layout-9d6595d7 wp-block-columns-is-layout-flex\">\n<div class=\"wp-block-column is-layout-flow wp-block-column-is-layout-flow\" style=\"flex-basis:20%\"><\/div>\n\n\n\n<div class=\"wp-block-column is-layout-flow wp-block-column-is-layout-flow\" style=\"flex-basis:60%\">\n<div class=\"wp-block-group\"><div class=\"wp-block-group__inner-container is-layout-constrained wp-block-group-is-layout-constrained\">\n<h2 class=\"wp-block-heading has-text-align-center has-nv-text-dark-bg-color has-text-color has-large-font-size\" style=\"font-style:normal;font-weight:400\">Wir helfen bei Kontakt, Veranstaltungen und Kooperationen.<\/h2>\n\n\n\n<div class=\"wp-block-buttons is-horizontal is-content-justification-center is-layout-flex wp-container-core-buttons-is-layout-499968f5 wp-block-buttons-is-layout-flex\">\n<div class=\"wp-block-button is-style-default\"><a class=\"wp-block-button__link has-neve-link-color-color has-text-color has-background has-link-color wp-element-button\" href=\"https:\/\/bimcluster.net\/contact\/\" style=\"background-color:#ffffff;font-style:normal;font-weight:100;text-transform:lowercase\">jetzt anfragen<\/a><\/div>\n<\/div>\n<\/div><\/div>\n<\/div>\n\n\n\n<div class=\"wp-block-column is-layout-flow wp-block-column-is-layout-flow\" style=\"flex-basis:20%\"><\/div>\n<\/div>\n\n\n\n<div style=\"height:73px\" aria-hidden=\"true\" class=\"wp-block-spacer\"><\/div>\n<\/div><\/div>\n\n\n\n<p><\/p>\n","protected":false},"excerpt":{"rendered":"<p>BIM-Cluster sind regionale Zusammenschl\u00fcsse, die Wissen teilen und praktische Unterst\u00fctzung rund um Building Information Modeling bieten. Sie f\u00f6rdern die Zusammenarbeit zwischen Unternehmen, Institutionen und \u00f6ffentlichen Stellen.<\/p>\n","protected":false},"author":1,"featured_media":0,"parent":0,"menu_order":0,"comment_status":"closed","ping_status":"closed","template":"","meta":{"neve_meta_sidebar":"","neve_meta_container":"","neve_meta_enable_content_width":"on","neve_meta_content_width":100,"neve_meta_title_alignment":"","neve_meta_author_avatar":"","neve_post_elements_order":"","neve_meta_disable_header":"","neve_meta_disable_footer":"","neve_meta_disable_title":"on","footnotes":""},"class_list":["post-10","page","type-page","status-publish","hentry"],"_links":{"self":[{"href":"https:\/\/bimcluster.net\/index.php?rest_route=\/wp\/v2\/pages\/10","targetHints":{"allow":["GET"]}}],"collection":[{"href":"https:\/\/bimcluster.net\/index.php?rest_route=\/wp\/v2\/pages"}],"about":[{"href":"https:\/\/bimcluster.net\/index.php?rest_route=\/wp\/v2\/types\/page"}],"author":[{"embeddable":true,"href":"https:\/\/bimcluster.net\/index.php?rest_route=\/wp\/v2\/users\/1"}],"replies":[{"embeddable":true,"href":"https:\/\/bimcluster.net\/index.php?rest_route=%2Fwp%2Fv2%2Fcomments&post=10"}],"version-history":[{"count":29,"href":"https:\/\/bimcluster.net\/index.php?rest_route=\/wp\/v2\/pages\/10\/revisions"}],"predecessor-version":[{"id":344,"href":"https:\/\/bimcluster.net\/index.php?rest_route=\/wp\/v2\/pages\/10\/revisions\/344"}],"wp:attachment":[{"href":"https:\/\/bimcluster.net\/index.php?rest_route=%2Fwp%2Fv2%2Fmedia&parent=10"}],"curies":[{"name":"wp","href":"https:\/\/api.w.org\/{rel}","templated":true}]}}